{"id":6254,"date":"2023-09-23T15:00:24","date_gmt":"2023-09-23T14:00:24","guid":{"rendered":"https:\/\/www.cavetech.ch\/portfolio\/"},"modified":"2023-09-23T15:00:24","modified_gmt":"2023-09-23T14:00:24","slug":"portfolio","status":"publish","type":"page","link":"https:\/\/www.cavetech.ch\/pt-br\/portfolio\/","title":{"rendered":"Portf\u00f3lio"},"content":{"rendered":"<p>[et_pb_section fb_built=&#8221;1&#8243; fullwidth=&#8221;on&#8221; admin_label=&#8221;Page Header&#8221; _builder_version=&#8221;4.16&#8243; background_image=&#8221;https:\/\/www.cavetech.ch\/wp-content\/uploads\/2018\/11\/AdobeStock_181470039.jpeg&#8221; global_colors_info=&#8221;{}&#8221;][et_pb_fullwidth_header title=&#8221;As nossas realiza\u00e7\u00f5es&#8221; text_orientation=&#8221;center&#8221; admin_label=&#8221;Hero Section&#8221; _builder_version=&#8221;4.16&#8243; title_font=&#8221;Montserrat|on|||&#8221; title_font_size=&#8221;60px&#8221; title_line_height=&#8221;1.4em&#8221; content_font=&#8221;||||||||&#8221; content_text_color=&#8221;#ffffff&#8221; content_font_size=&#8221;22px&#8221; content_line_height=&#8221;1.8em&#8221; subhead_font=&#8221;||||&#8221; background_color=&#8221;rgba(255,255,255,0)&#8221; custom_button_one=&#8221;on&#8221; button_one_text_size=&#8221;16px&#8221; button_one_bg_color=&#8221;#6eba01&#8243; button_one_border_width=&#8221;2px&#8221; button_one_border_color=&#8221;#6eba01&#8243; button_one_border_radius=&#8221;0&#8243; button_one_letter_spacing=&#8221;2&#8243; button_one_font=&#8221;Montserrat|||on|&#8221; button_one_use_icon=&#8221;off&#8221; custom_button_two=&#8221;on&#8221; button_two_text_size=&#8221;16px&#8221; button_two_border_width=&#8221;2px&#8221; button_two_border_color=&#8221;#ffffff&#8221; button_two_border_radius=&#8221;0&#8243; button_two_letter_spacing=&#8221;2&#8243; button_two_font=&#8221;Montserrat|||on|&#8221; button_two_use_icon=&#8221;off&#8221; module_alignment=&#8221;left&#8221; animation_style=&#8221;fade&#8221; title_text_shadow_style=&#8221;preset2&#8243; content_text_shadow_style=&#8221;preset2&#8243; button_one_text_color_hover=&#8221;#6eba01&#8243; button_two_text_color_hover=&#8221;#6eba01&#8243; button_one_border_color_hover=&#8221;#ffffff&#8221; button_two_border_color_hover=&#8221;#ffffff&#8221; button_one_border_radius_hover=&#8221;0&#8243; button_two_border_radius_hover=&#8221;0&#8243; button_one_letter_spacing_hover=&#8221;2&#8243; button_two_letter_spacing_hover=&#8221;2&#8243; button_one_bg_color_hover=&#8221;#ffffff&#8221; button_two_bg_color_hover=&#8221;#ffffff&#8221; global_colors_info=&#8221;{}&#8221; button_one_text_size__hover_enabled=&#8221;off&#8221; button_two_text_size__hover_enabled=&#8221;off&#8221; button_one_text_color__hover_enabled=&#8221;on&#8221; button_one_text_color__hover=&#8221;#6eba01&#8243; button_two_text_color__hover_enabled=&#8221;on&#8221; button_two_text_color__hover=&#8221;#6eba01&#8243; button_one_border_width__hover_enabled=&#8221;off&#8221; button_two_border_width__hover_enabled=&#8221;off&#8221; button_one_border_color__hover_enabled=&#8221;on&#8221; button_one_border_color__hover=&#8221;#ffffff&#8221; button_two_border_color__hover_enabled=&#8221;on&#8221; button_two_border_color__hover=&#8221;#ffffff&#8221; button_one_border_radius__hover_enabled=&#8221;on&#8221; button_one_border_radius__hover=&#8221;0&#8243; button_two_border_radius__hover_enabled=&#8221;on&#8221; button_two_border_radius__hover=&#8221;0&#8243; button_one_letter_spacing__hover_enabled=&#8221;on&#8221; button_one_letter_spacing__hover=&#8221;2&#8243; button_two_letter_spacing__hover_enabled=&#8221;on&#8221; button_two_letter_spacing__hover=&#8221;2&#8243; button_one_bg_color__hover_enabled=&#8221;on&#8221; button_one_bg_color__hover=&#8221;#ffffff&#8221; button_two_bg_color__hover_enabled=&#8221;on&#8221; button_two_bg_color__hover=&#8221;#ffffff&#8221;]<\/p>\n<p>Seguem-se alguns exemplos de trabalhos efectuados pela nossa empresa.<\/p>\n<p>[\/et_pb_fullwidth_header][\/et_pb_section][et_pb_section fb_built=&#8221;1&#8243; admin_label=&#8221;Projects&#8221; _builder_version=&#8221;4.16&#8243; custom_padding=&#8221;90px||90px|&#8221; global_colors_info=&#8221;{}&#8221;][et_pb_row _builder_version=&#8221;4.16&#8243; background_size=&#8221;initial&#8221; background_position=&#8221;top_left&#8221; background_repeat=&#8221;repeat&#8221; custom_padding=&#8221;45px|0px|45px|0px&#8221; custom_width_px=&#8221;710px&#8221; global_colors_info=&#8221;{}&#8221;][et_pb_column type=&#8221;4_4&#8243; _builder_version=&#8221;4.16&#8243; background_position=&#8221;top_left&#8221; custom_padding=&#8221;|||&#8221; global_colors_info=&#8221;{}&#8221; custom_padding__hover=&#8221;|||&#8221;][et_pb_divider color=&#8221;#0c71c3&#8243; divider_weight=&#8221;3px&#8221; disabled_on=&#8221;off|off|off&#8221; _builder_version=&#8221;4.16&#8243; background_color_gradient_direction=&#8221;90deg&#8221; max_width=&#8221;100px&#8221; module_alignment=&#8221;center&#8221; height=&#8221;5px&#8221; custom_margin=&#8221;||20px|&#8221; custom_padding=&#8221;||20px|&#8221; animation_style=&#8221;slide&#8221; animation_direction=&#8221;bottom&#8221; saved_tabs=&#8221;all&#8221; locked=&#8221;off&#8221; global_colors_info=&#8221;{}&#8221;][\/et_pb_divider][\/et_pb_column][\/et_pb_row][et_pb_row _builder_version=&#8221;4.16&#8243; global_colors_info=&#8221;{}&#8221;][et_pb_column type=&#8221;4_4&#8243; _builder_version=&#8221;4.16&#8243; custom_padding=&#8221;|||&#8221; global_colors_info=&#8221;{}&#8221; custom_padding__hover=&#8221;|||&#8221;][et_pb_filterable_portfolio fullwidth=&#8221;off&#8221; posts_number=&#8221;24&#8243; include_categories=&#8221;189,187,190,188&#8243; _builder_version=&#8221;4.17.3&#8243; title_font=&#8221;||||||||&#8221; title_text_align=&#8221;center&#8221; title_font_size=&#8221;20px&#8221; hover_enabled=&#8221;0&#8243; global_colors_info=&#8221;{}&#8221; sticky_enabled=&#8221;0&#8243;][\/et_pb_filterable_portfolio][\/et_pb_column][\/et_pb_row][\/et_pb_section][et_pb_section fb_built=&#8221;1&#8243; admin_label=&#8221;Footer&#8221; _builder_version=&#8221;4.16&#8243; background_image=&#8221;https:\/\/www.cavetech.ch\/wp-content\/uploads\/2016\/03\/technology1.jpg&#8221; parallax=&#8221;on&#8221; custom_padding=&#8221;90px||90px|&#8221; saved_tabs=&#8221;all&#8221; global_colors_info=&#8221;{}&#8221;][et_pb_row _builder_version=&#8221;4.16&#8243; global_colors_info=&#8221;{}&#8221;][et_pb_column type=&#8221;4_4&#8243; _builder_version=&#8221;4.16&#8243; custom_padding=&#8221;|||&#8221; global_colors_info=&#8221;{}&#8221; custom_padding__hover=&#8221;|||&#8221;][et_pb_cta title=&#8221;Satisfeito?&#8221; button_url=&#8221;https:\/\/www.cavetech.ch\/contact\/&#8221; button_text=&#8221;Clique aqui&#8221; _builder_version=&#8221;4.16&#8243; background_color=&#8221;#008cba&#8221; global_colors_info=&#8221;{}&#8221; button_text_size__hover_enabled=&#8221;off&#8221; button_one_text_size__hover_enabled=&#8221;off&#8221; button_two_text_size__hover_enabled=&#8221;off&#8221; button_text_color__hover_enabled=&#8221;off&#8221; button_one_text_color__hover_enabled=&#8221;off&#8221; button_two_text_color__hover_enabled=&#8221;off&#8221; button_border_width__hover_enabled=&#8221;off&#8221; button_one_border_width__hover_enabled=&#8221;off&#8221; button_two_border_width__hover_enabled=&#8221;off&#8221; button_border_color__hover_enabled=&#8221;off&#8221; button_one_border_color__hover_enabled=&#8221;off&#8221; button_two_border_color__hover_enabled=&#8221;off&#8221; button_border_radius__hover_enabled=&#8221;off&#8221; button_one_border_radius__hover_enabled=&#8221;off&#8221; button_two_border_radius__hover_enabled=&#8221;off&#8221; button_letter_spacing__hover_enabled=&#8221;off&#8221; button_one_letter_spacing__hover_enabled=&#8221;off&#8221; button_two_letter_spacing__hover_enabled=&#8221;off&#8221; button_bg_color__hover_enabled=&#8221;off&#8221; button_one_bg_color__hover_enabled=&#8221;off&#8221; button_two_bg_color__hover_enabled=&#8221;off&#8221;]<\/p>\n<p>Para mais detalhes e projectos realizados pela CaveTech, por favor contacte-nos.<\/p>\n<p>[\/et_pb_cta][\/et_pb_column][\/et_pb_row][\/et_pb_section]<\/p>\n","protected":false},"excerpt":{"rendered":"<p>Seguem-se alguns exemplos de trabalhos efectuados pela nossa empresa.Para mais detalhes e projectos realizados pela CaveTech, por favor contacte-nos.<\/p>\n","protected":false},"author":1,"featured_media":6255,"parent":0,"menu_order":7,"comment_status":"open","ping_status":"closed","template":"","meta":{"_et_pb_use_builder":"on","_et_pb_old_content":"","_et_gb_content_width":"","footnotes":""},"class_list":["post-6254","page","type-page","status-publish","has-post-thumbnail","hentry"],"yoast_head":"<!-- This site is optimized with the Yoast SEO plugin v27.2 - https:\/\/yoast.com\/product\/yoast-seo-wordpress\/ -->\n<title>Portf\u00f3lio | CaveTech S\u00e0rl<\/title>\n<meta name=\"description\" content=\"D\u00e9pannage d&#039;orginateur portable, PC fixe, r\u00e9seau Wifi et cabl\u00e9 pour les professionnels et priv\u00e9s \u00e0 Vernier et Lausanne. Support \u00e0 distance. Portf\u00f3lio\" \/>\n<meta name=\"robots\" content=\"index, follow, max-snippet:-1, max-image-preview:large, max-video-preview:-1\" \/>\n<link rel=\"canonical\" href=\"https:\/\/www.cavetech.ch\/pt-br\/portfolio\/\" \/>\n<meta property=\"og:locale\" content=\"pt_BR\" \/>\n<meta property=\"og:type\" content=\"article\" \/>\n<meta property=\"og:title\" content=\"Portf\u00f3lio | CaveTech S\u00e0rl\" \/>\n<meta property=\"og:description\" content=\"D\u00e9pannage d&#039;orginateur portable, PC fixe, r\u00e9seau Wifi et cabl\u00e9 pour les professionnels et priv\u00e9s \u00e0 Vernier et Lausanne. Support \u00e0 distance. Portf\u00f3lio\" \/>\n<meta property=\"og:url\" content=\"https:\/\/www.cavetech.ch\/pt-br\/portfolio\/\" \/>\n<meta property=\"og:site_name\" content=\"CaveTech S\u00e0rl\" \/>\n<meta property=\"article:publisher\" content=\"https:\/\/www.facebook.com\/cavetechsuisse\/\" \/>\n<meta property=\"og:image\" content=\"https:\/\/www.cavetech.ch\/wp-content\/uploads\/2016\/11\/creation_graphique.jpg\" \/>\n\t<meta property=\"og:image:width\" content=\"680\" \/>\n\t<meta property=\"og:image:height\" content=\"231\" \/>\n\t<meta property=\"og:image:type\" content=\"image\/jpeg\" \/>\n<meta name=\"twitter:card\" content=\"summary_large_image\" \/>\n<meta name=\"twitter:label1\" content=\"Est. tempo de leitura\" \/>\n\t<meta name=\"twitter:data1\" content=\"4 minutos\" \/>\n<script type=\"application\/ld+json\" class=\"yoast-schema-graph\">{\"@context\":\"https:\/\/schema.org\",\"@graph\":[{\"@type\":\"WebPage\",\"@id\":\"https:\/\/www.cavetech.ch\/pt-br\/portfolio\/\",\"url\":\"https:\/\/www.cavetech.ch\/pt-br\/portfolio\/\",\"name\":\"Portf\u00f3lio | CaveTech S\u00e0rl\",\"isPartOf\":{\"@id\":\"https:\/\/www.cavetech.ch\/pt-br\/#website\"},\"primaryImageOfPage\":{\"@id\":\"https:\/\/www.cavetech.ch\/pt-br\/portfolio\/#primaryimage\"},\"image\":{\"@id\":\"https:\/\/www.cavetech.ch\/pt-br\/portfolio\/#primaryimage\"},\"thumbnailUrl\":\"https:\/\/www.cavetech.ch\/wp-content\/uploads\/2016\/11\/creation_graphique.jpg\",\"datePublished\":\"2023-09-23T14:00:24+00:00\",\"description\":\"D\u00e9pannage d'orginateur portable, PC fixe, r\u00e9seau Wifi et cabl\u00e9 pour les professionnels et priv\u00e9s \u00e0 Vernier et Lausanne. Support \u00e0 distance. Portf\u00f3lio\",\"breadcrumb\":{\"@id\":\"https:\/\/www.cavetech.ch\/pt-br\/portfolio\/#breadcrumb\"},\"inLanguage\":\"pt-BR\",\"potentialAction\":[{\"@type\":\"ReadAction\",\"target\":[\"https:\/\/www.cavetech.ch\/pt-br\/portfolio\/\"]}]},{\"@type\":\"ImageObject\",\"inLanguage\":\"pt-BR\",\"@id\":\"https:\/\/www.cavetech.ch\/pt-br\/portfolio\/#primaryimage\",\"url\":\"https:\/\/www.cavetech.ch\/wp-content\/uploads\/2016\/11\/creation_graphique.jpg\",\"contentUrl\":\"https:\/\/www.cavetech.ch\/wp-content\/uploads\/2016\/11\/creation_graphique.jpg\",\"width\":680,\"height\":231},{\"@type\":\"BreadcrumbList\",\"@id\":\"https:\/\/www.cavetech.ch\/pt-br\/portfolio\/#breadcrumb\",\"itemListElement\":[{\"@type\":\"ListItem\",\"position\":1,\"name\":\"Accueil\",\"item\":\"https:\/\/www.cavetech.ch\/pt-br\/\"},{\"@type\":\"ListItem\",\"position\":2,\"name\":\"Portf\u00f3lio\"}]},{\"@type\":\"WebSite\",\"@id\":\"https:\/\/www.cavetech.ch\/pt-br\/#website\",\"url\":\"https:\/\/www.cavetech.ch\/pt-br\/\",\"name\":\"CaveTech - D\u00e9pannage informatique, cr\u00e9ation de site internet et photographie.\",\"description\":\"D\u00e9pannage informatique \u00e0 Lausanne, cr\u00e9ation de site internet et photographie.\",\"publisher\":{\"@id\":\"https:\/\/www.cavetech.ch\/pt-br\/#organization\"},\"potentialAction\":[{\"@type\":\"SearchAction\",\"target\":{\"@type\":\"EntryPoint\",\"urlTemplate\":\"https:\/\/www.cavetech.ch\/pt-br\/?s={search_term_string}\"},\"query-input\":{\"@type\":\"PropertyValueSpecification\",\"valueRequired\":true,\"valueName\":\"search_term_string\"}}],\"inLanguage\":\"pt-BR\"},{\"@type\":\"Organization\",\"@id\":\"https:\/\/www.cavetech.ch\/pt-br\/#organization\",\"name\":\"CaveTech\",\"url\":\"https:\/\/www.cavetech.ch\/pt-br\/\",\"logo\":{\"@type\":\"ImageObject\",\"inLanguage\":\"pt-BR\",\"@id\":\"https:\/\/www.cavetech.ch\/pt-br\/#\/schema\/logo\/image\/\",\"url\":\"https:\/\/www.cavetech.ch\/wp-content\/uploads\/2016\/11\/LOGO-CAVE-TECH.png\",\"contentUrl\":\"https:\/\/www.cavetech.ch\/wp-content\/uploads\/2016\/11\/LOGO-CAVE-TECH.png\",\"width\":288,\"height\":70,\"caption\":\"CaveTech\"},\"image\":{\"@id\":\"https:\/\/www.cavetech.ch\/pt-br\/#\/schema\/logo\/image\/\"},\"sameAs\":[\"https:\/\/www.facebook.com\/cavetechsuisse\/\",\"https:\/\/www.instagram.com\/cavetechsuisse\/\",\"https:\/\/www.linkedin.com\/company\/10975609\"]}]}<\/script>\n<!-- \/ Yoast SEO plugin. -->","yoast_head_json":{"title":"Portf\u00f3lio | CaveTech S\u00e0rl","description":"D\u00e9pannage d'orginateur portable, PC fixe, r\u00e9seau Wifi et cabl\u00e9 pour les professionnels et priv\u00e9s \u00e0 Vernier et Lausanne. Support \u00e0 distance. Portf\u00f3lio","robots":{"index":"index","follow":"follow","max-snippet":"max-snippet:-1","max-image-preview":"max-image-preview:large","max-video-preview":"max-video-preview:-1"},"canonical":"https:\/\/www.cavetech.ch\/pt-br\/portfolio\/","og_locale":"pt_BR","og_type":"article","og_title":"Portf\u00f3lio | CaveTech S\u00e0rl","og_description":"D\u00e9pannage d'orginateur portable, PC fixe, r\u00e9seau Wifi et cabl\u00e9 pour les professionnels et priv\u00e9s \u00e0 Vernier et Lausanne. Support \u00e0 distance. Portf\u00f3lio","og_url":"https:\/\/www.cavetech.ch\/pt-br\/portfolio\/","og_site_name":"CaveTech S\u00e0rl","article_publisher":"https:\/\/www.facebook.com\/cavetechsuisse\/","og_image":[{"width":680,"height":231,"url":"https:\/\/www.cavetech.ch\/wp-content\/uploads\/2016\/11\/creation_graphique.jpg","type":"image\/jpeg"}],"twitter_card":"summary_large_image","twitter_misc":{"Est. tempo de leitura":"4 minutos"},"schema":{"@context":"https:\/\/schema.org","@graph":[{"@type":"WebPage","@id":"https:\/\/www.cavetech.ch\/pt-br\/portfolio\/","url":"https:\/\/www.cavetech.ch\/pt-br\/portfolio\/","name":"Portf\u00f3lio | CaveTech S\u00e0rl","isPartOf":{"@id":"https:\/\/www.cavetech.ch\/pt-br\/#website"},"primaryImageOfPage":{"@id":"https:\/\/www.cavetech.ch\/pt-br\/portfolio\/#primaryimage"},"image":{"@id":"https:\/\/www.cavetech.ch\/pt-br\/portfolio\/#primaryimage"},"thumbnailUrl":"https:\/\/www.cavetech.ch\/wp-content\/uploads\/2016\/11\/creation_graphique.jpg","datePublished":"2023-09-23T14:00:24+00:00","description":"D\u00e9pannage d'orginateur portable, PC fixe, r\u00e9seau Wifi et cabl\u00e9 pour les professionnels et priv\u00e9s \u00e0 Vernier et Lausanne. Support \u00e0 distance. Portf\u00f3lio","breadcrumb":{"@id":"https:\/\/www.cavetech.ch\/pt-br\/portfolio\/#breadcrumb"},"inLanguage":"pt-BR","potentialAction":[{"@type":"ReadAction","target":["https:\/\/www.cavetech.ch\/pt-br\/portfolio\/"]}]},{"@type":"ImageObject","inLanguage":"pt-BR","@id":"https:\/\/www.cavetech.ch\/pt-br\/portfolio\/#primaryimage","url":"https:\/\/www.cavetech.ch\/wp-content\/uploads\/2016\/11\/creation_graphique.jpg","contentUrl":"https:\/\/www.cavetech.ch\/wp-content\/uploads\/2016\/11\/creation_graphique.jpg","width":680,"height":231},{"@type":"BreadcrumbList","@id":"https:\/\/www.cavetech.ch\/pt-br\/portfolio\/#breadcrumb","itemListElement":[{"@type":"ListItem","position":1,"name":"Accueil","item":"https:\/\/www.cavetech.ch\/pt-br\/"},{"@type":"ListItem","position":2,"name":"Portf\u00f3lio"}]},{"@type":"WebSite","@id":"https:\/\/www.cavetech.ch\/pt-br\/#website","url":"https:\/\/www.cavetech.ch\/pt-br\/","name":"CaveTech - D\u00e9pannage informatique, cr\u00e9ation de site internet et photographie.","description":"D\u00e9pannage informatique \u00e0 Lausanne, cr\u00e9ation de site internet et photographie.","publisher":{"@id":"https:\/\/www.cavetech.ch\/pt-br\/#organization"},"potentialAction":[{"@type":"SearchAction","target":{"@type":"EntryPoint","urlTemplate":"https:\/\/www.cavetech.ch\/pt-br\/?s={search_term_string}"},"query-input":{"@type":"PropertyValueSpecification","valueRequired":true,"valueName":"search_term_string"}}],"inLanguage":"pt-BR"},{"@type":"Organization","@id":"https:\/\/www.cavetech.ch\/pt-br\/#organization","name":"CaveTech","url":"https:\/\/www.cavetech.ch\/pt-br\/","logo":{"@type":"ImageObject","inLanguage":"pt-BR","@id":"https:\/\/www.cavetech.ch\/pt-br\/#\/schema\/logo\/image\/","url":"https:\/\/www.cavetech.ch\/wp-content\/uploads\/2016\/11\/LOGO-CAVE-TECH.png","contentUrl":"https:\/\/www.cavetech.ch\/wp-content\/uploads\/2016\/11\/LOGO-CAVE-TECH.png","width":288,"height":70,"caption":"CaveTech"},"image":{"@id":"https:\/\/www.cavetech.ch\/pt-br\/#\/schema\/logo\/image\/"},"sameAs":["https:\/\/www.facebook.com\/cavetechsuisse\/","https:\/\/www.instagram.com\/cavetechsuisse\/","https:\/\/www.linkedin.com\/company\/10975609"]}]}},"_links":{"self":[{"href":"https:\/\/www.cavetech.ch\/pt-br\/wp-json\/wp\/v2\/pages\/6254","targetHints":{"allow":["GET"]}}],"collection":[{"href":"https:\/\/www.cavetech.ch\/pt-br\/wp-json\/wp\/v2\/pages"}],"about":[{"href":"https:\/\/www.cavetech.ch\/pt-br\/wp-json\/wp\/v2\/types\/page"}],"author":[{"embeddable":true,"href":"https:\/\/www.cavetech.ch\/pt-br\/wp-json\/wp\/v2\/users\/1"}],"replies":[{"embeddable":true,"href":"https:\/\/www.cavetech.ch\/pt-br\/wp-json\/wp\/v2\/comments?post=6254"}],"version-history":[{"count":2,"href":"https:\/\/www.cavetech.ch\/pt-br\/wp-json\/wp\/v2\/pages\/6254\/revisions"}],"predecessor-version":[{"id":6257,"href":"https:\/\/www.cavetech.ch\/pt-br\/wp-json\/wp\/v2\/pages\/6254\/revisions\/6257"}],"wp:featuredmedia":[{"embeddable":true,"href":"https:\/\/www.cavetech.ch\/pt-br\/wp-json\/wp\/v2\/media\/6255"}],"wp:attachment":[{"href":"https:\/\/www.cavetech.ch\/pt-br\/wp-json\/wp\/v2\/media?parent=6254"}],"curies":[{"name":"wp","href":"https:\/\/api.w.org\/{rel}","templated":true}]}}