{"id":5933,"date":"2019-06-26T14:35:25","date_gmt":"2019-06-26T13:35:25","guid":{"rendered":"https:\/\/www.cavetech.ch\/website-creation\/"},"modified":"2019-06-26T14:35:28","modified_gmt":"2019-06-26T13:35:28","slug":"website-creation","status":"publish","type":"page","link":"https:\/\/www.cavetech.ch\/en\/website-creation\/","title":{"rendered":"Website creation"},"content":{"rendered":"<p>[et_pb_section fb_built=&#8221;1&#8243; fullwidth=&#8221;on&#8221; admin_label=&#8221;Page Header&#8221; _builder_version=&#8221;3.17.3&#8243; background_image=&#8221;https:\/\/www.cavetech.ch\/wp-content\/uploads\/2018\/09\/business-08.jpg&#8221; parallax=&#8221;on&#8221; custom_margin=&#8221;|||&#8221; custom_padding=&#8221;50px||50px|&#8221;][et_pb_fullwidth_header title=&#8221;Website creation&#8221; text_orientation=&#8221;center&#8221; scroll_down_icon_size=&#8221;48px&#8221; admin_label=&#8221;Hero Section&#8221; _builder_version=&#8221;3.17.3&#8243; title_font=&#8221;Montserrat|on|||&#8221; title_font_size=&#8221;60px&#8221; title_line_height=&#8221;1.4em&#8221; content_font_size=&#8221;22px&#8221; content_line_height=&#8221;1.8em&#8221; subhead_font=&#8221;||||&#8221; background_color=&#8221;rgba(255,255,255,0)&#8221; custom_button_two=&#8221;on&#8221; button_two_text_size=&#8221;16px&#8221; button_two_border_width=&#8221;2px&#8221; button_two_border_color=&#8221;#ffffff&#8221; button_two_border_radius=&#8221;0&#8243; button_two_letter_spacing=&#8221;2&#8243; button_two_font=&#8221;Montserrat|||on|&#8221; button_two_use_icon=&#8221;off&#8221; custom_button_one=&#8221;on&#8221; button_one_text_size=&#8221;16px&#8221; button_one_bg_color=&#8221;#6eba01&#8243; button_one_border_width=&#8221;2px&#8221; button_one_border_color=&#8221;#6eba01&#8243; button_one_border_radius=&#8221;0&#8243; button_one_letter_spacing=&#8221;2&#8243; button_one_font=&#8221;Montserrat|||on|&#8221; button_one_use_icon=&#8221;off&#8221; module_alignment=&#8221;left&#8221; custom_margin=&#8221;|||&#8221; custom_padding=&#8221;100px||100px|&#8221; animation_style=&#8221;fade&#8221; button_one_text_color_hover=&#8221;#6eba01&#8243; button_two_text_color_hover=&#8221;#6eba01&#8243; button_one_border_color_hover=&#8221;#ffffff&#8221; button_two_border_color_hover=&#8221;#ffffff&#8221; button_one_border_radius_hover=&#8221;0&#8243; button_two_border_radius_hover=&#8221;0&#8243; button_one_letter_spacing_hover=&#8221;2&#8243; button_two_letter_spacing_hover=&#8221;2&#8243; button_one_bg_color_hover=&#8221;#ffffff&#8221; button_two_bg_color_hover=&#8221;#ffffff&#8221; button_one_text_size__hover_enabled=&#8221;off&#8221; button_two_text_size__hover_enabled=&#8221;off&#8221; button_one_text_color__hover_enabled=&#8221;on&#8221; button_one_text_color__hover=&#8221;#6eba01&#8243; button_two_text_color__hover_enabled=&#8221;on&#8221; button_two_text_color__hover=&#8221;#6eba01&#8243; button_one_border_width__hover_enabled=&#8221;off&#8221; button_two_border_width__hover_enabled=&#8221;off&#8221; button_one_border_color__hover_enabled=&#8221;on&#8221; button_one_border_color__hover=&#8221;#ffffff&#8221; button_two_border_color__hover_enabled=&#8221;on&#8221; button_two_border_color__hover=&#8221;#ffffff&#8221; button_one_border_radius__hover_enabled=&#8221;on&#8221; button_one_border_radius__hover=&#8221;0&#8243; button_two_border_radius__hover_enabled=&#8221;on&#8221; button_two_border_radius__hover=&#8221;0&#8243; button_one_letter_spacing__hover_enabled=&#8221;on&#8221; button_one_letter_spacing__hover=&#8221;2&#8243; button_two_letter_spacing__hover_enabled=&#8221;on&#8221; button_two_letter_spacing__hover=&#8221;2&#8243; button_one_bg_color__hover_enabled=&#8221;on&#8221; button_one_bg_color__hover=&#8221;#ffffff&#8221; button_two_bg_color__hover_enabled=&#8221;on&#8221; button_two_bg_color__hover=&#8221;#ffffff&#8221; title_text_shadow_style=&#8221;preset3&#8243;][\/et_pb_fullwidth_header][\/et_pb_section][et_pb_section fb_built=&#8221;1&#8243; admin_label=&#8221;Services&#8221; _builder_version=&#8221;3.0.65&#8243; custom_padding=&#8221;90px||90px|&#8221; locked=&#8221;off&#8221;][et_pb_row custom_width_px=&#8221;710px&#8221; background_position_1=&#8221;top_left&#8221; background_repeat_1=&#8221;no-repeat&#8221; _builder_version=&#8221;3.0.65&#8243; background_size=&#8221;initial&#8221; background_position=&#8221;top_left&#8221; background_repeat=&#8221;repeat&#8221;][et_pb_column type=&#8221;4_4&#8243; _builder_version=&#8221;3.0.47&#8243; parallax=&#8221;off&#8221; parallax_method=&#8221;on&#8221; background_position=&#8221;top_left&#8221; background_repeat=&#8221;no-repeat&#8221;][et_pb_text admin_label=&#8221;Services Section Title&#8221; _builder_version=&#8221;3.0.79&#8243; header_font=&#8221;Montserrat||||&#8221; header_text_color=&#8221;#1f1f1f&#8221; header_font_size=&#8221;36px&#8221; text_orientation=&#8221;center&#8221; max_width=&#8221;710px&#8221; module_alignment=&#8221;center&#8221; animation_style=&#8221;fold&#8221; animation_direction=&#8221;bottom&#8221; animation_intensity_fold=&#8221;20%&#8221;]<\/p>\n<h1>Why a website?<\/h1>\n<p>[\/et_pb_text][et_pb_text admin_label=&#8221;Services Section Subtitle&#8221; _builder_version=&#8221;3.15&#8243; text_font_size=&#8221;16px&#8221; text_line_height=&#8221;1.9em&#8221; background_size=&#8221;initial&#8221; background_position=&#8221;top_left&#8221; background_repeat=&#8221;repeat&#8221; text_orientation=&#8221;center&#8221; max_width=&#8221;710px&#8221; module_alignment=&#8221;center&#8221; animation_style=&#8221;fold&#8221; animation_direction=&#8221;bottom&#8221; animation_intensity_fold=&#8221;20%&#8221;]A website plays a very important role in communicating and promoting a business, organization, institution&#8230; The aim of a website is to inform, retain, raise awareness, acquire a new customer base. For a wide variety of reasons, but identified, more than 85% of websites do not achieve their goals and will end up like the vast majority of websites to pollute the web.<br \/>\n[\/et_pb_text][\/et_pb_column][\/et_pb_row][et_pb_row custom_padding=&#8221;80px|||&#8221; background_position_1=&#8221;top_left&#8221; background_position_2=&#8221;top_left&#8221; background_position_3=&#8221;top_left&#8221; background_repeat_1=&#8221;no-repeat&#8221; background_repeat_2=&#8221;no-repeat&#8221; background_repeat_3=&#8221;no-repeat&#8221; _builder_version=&#8221;3.0.65&#8243; background_size=&#8221;initial&#8221; background_position=&#8221;top_left&#8221; background_repeat=&#8221;repeat&#8221; locked=&#8221;off&#8221;][et_pb_column type=&#8221;1_3&#8243; _builder_version=&#8221;3.0.47&#8243; parallax=&#8221;off&#8221; parallax_method=&#8221;on&#8221; background_position=&#8221;top_left&#8221; background_repeat=&#8221;no-repeat&#8221;][et_pb_blurb title=&#8221;Backoffice&#8221; url=&#8221;#&#8221; use_icon=&#8221;on&#8221; font_icon=&#8221;%%176%%&#8221; icon_color=&#8221;#4e5ed0&#8243; use_icon_font_size=&#8221;on&#8221; icon_font_size=&#8221;60px&#8221; admin_label=&#8221;Service 01&#8243; _builder_version=&#8221;3.15&#8243; header_font=&#8221;Montserrat||||&#8221; header_text_color=&#8221;#1f1f1f&#8221; header_font_size=&#8221;22px&#8221; header_line_height=&#8221;1.8em&#8221; body_font_size=&#8221;16px&#8221; body_line_height=&#8221;1.9em&#8221; background_size=&#8221;initial&#8221; background_position=&#8221;top_left&#8221; background_repeat=&#8221;repeat&#8221; text_orientation=&#8221;center&#8221; animation_style=&#8221;fold&#8221; animation_direction=&#8221;bottom&#8221; animation_intensity_fold=&#8221;30%&#8221;]You have your full control over all of your website&#8217;s content with a clean back-office space accessible from a simple browser, allowing you to keep your website up to date by adding or modifying content without no limitations.<br \/>\n[\/et_pb_blurb][\/et_pb_column][et_pb_column type=&#8221;1_3&#8243; _builder_version=&#8221;3.0.47&#8243; parallax=&#8221;off&#8221; parallax_method=&#8221;on&#8221; background_position=&#8221;top_left&#8221; background_repeat=&#8221;no-repeat&#8221;][et_pb_blurb title=&#8221;Mobile compatibility&#8221; url=&#8221;#&#8221; use_icon=&#8221;on&#8221; font_icon=&#8221;%%104%%&#8221; icon_color=&#8221;#4e5ed0&#8243; use_icon_font_size=&#8221;on&#8221; icon_font_size=&#8221;60px&#8221; admin_label=&#8221;Service 02&#8243; _builder_version=&#8221;3.15&#8243; header_font=&#8221;Montserrat||||&#8221; header_text_color=&#8221;#1f1f1f&#8221; header_font_size=&#8221;22px&#8221; header_line_height=&#8221;1.8em&#8221; body_font_size=&#8221;16px&#8221; body_line_height=&#8221;1.9em&#8221; background_size=&#8221;initial&#8221; background_position=&#8221;top_left&#8221; background_repeat=&#8221;repeat&#8221; text_orientation=&#8221;center&#8221; animation_style=&#8221;fold&#8221; animation_direction=&#8221;bottom&#8221; animation_delay=&#8221;100ms&#8221; animation_intensity_fold=&#8221;30%&#8221;]Today the web has become mobile, all our productions offer compatibility with mobile platforms and smartphones (iPad &#8211; iPhone &#8211; Android, etc.) which allows greater ease of access and an assured presence on these platforms in front of your competitors.<br \/>\n[\/et_pb_blurb][\/et_pb_column][et_pb_column type=&#8221;1_3&#8243; _builder_version=&#8221;3.0.47&#8243; parallax=&#8221;off&#8221; parallax_method=&#8221;on&#8221; background_position=&#8221;top_left&#8221; background_repeat=&#8221;no-repeat&#8221;][et_pb_blurb title=&#8221;Natural referencing&#8221; url=&#8221;#&#8221; use_icon=&#8221;on&#8221; font_icon=&#8221;%%147%%&#8221; icon_color=&#8221;#4e5ed0&#8243; use_icon_font_size=&#8221;on&#8221; icon_font_size=&#8221;60px&#8221; admin_label=&#8221;Service 03&#8243; _builder_version=&#8221;3.15&#8243; header_font=&#8221;Montserrat||||&#8221; header_text_color=&#8221;#1f1f1f&#8221; header_font_size=&#8221;22px&#8221; header_line_height=&#8221;1.8em&#8221; body_font_size=&#8221;16px&#8221; body_line_height=&#8221;1.9em&#8221; background_size=&#8221;initial&#8221; background_position=&#8221;top_left&#8221; background_repeat=&#8221;repeat&#8221; text_orientation=&#8221;center&#8221; animation_style=&#8221;fold&#8221; animation_direction=&#8221;bottom&#8221; animation_delay=&#8221;300ms&#8221; animation_intensity_fold=&#8221;30%&#8221;]We conduct audit and analysis work to allow your site to be among the first on the search results pages. In addition, our solutions are predisposed for a quality SEO. From the moment of design, we take into account the aspect of natural referencing.<br \/>\n[\/et_pb_blurb][\/et_pb_column][\/et_pb_row][\/et_pb_section][et_pb_section fb_built=&#8221;1&#8243; admin_label=&#8221;Footer&#8221; _builder_version=&#8221;3.15&#8243; background_image=&#8221;https:\/\/www.cavetech.ch\/wp-content\/uploads\/2015\/05\/business-parallax-2-bw.jpg&#8221; parallax=&#8221;on&#8221; custom_padding=&#8221;90px||90px|&#8221; saved_tabs=&#8221;all&#8221;][et_pb_row _builder_version=&#8221;3.15&#8243;][et_pb_column type=&#8221;4_4&#8243; _builder_version=&#8221;3.15&#8243; parallax=&#8221;off&#8221; parallax_method=&#8221;on&#8221;][et_pb_cta title=&#8221;Contact us&#8221; button_url=&#8221;\/?page_id=14&#8243; button_text=&#8221;contact&#8221; _builder_version=&#8221;3.16&#8243; button_text_size__hover_enabled=&#8221;off&#8221; button_one_text_size__hover_enabled=&#8221;off&#8221; button_two_text_size__hover_enabled=&#8221;off&#8221; button_text_color__hover_enabled=&#8221;off&#8221; button_one_text_color__hover_enabled=&#8221;off&#8221; button_two_text_color__hover_enabled=&#8221;off&#8221; button_border_width__hover_enabled=&#8221;off&#8221; button_one_border_width__hover_enabled=&#8221;off&#8221; button_two_border_width__hover_enabled=&#8221;off&#8221; button_border_color__hover_enabled=&#8221;off&#8221; button_one_border_color__hover_enabled=&#8221;off&#8221; button_two_border_color__hover_enabled=&#8221;off&#8221; button_border_radius__hover_enabled=&#8221;off&#8221; button_one_border_radius__hover_enabled=&#8221;off&#8221; button_two_border_radius__hover_enabled=&#8221;off&#8221; button_letter_spacing__hover_enabled=&#8221;off&#8221; button_one_letter_spacing__hover_enabled=&#8221;off&#8221; button_two_letter_spacing__hover_enabled=&#8221;off&#8221; button_bg_color__hover_enabled=&#8221;off&#8221; button_one_bg_color__hover_enabled=&#8221;off&#8221; button_two_bg_color__hover_enabled=&#8221;off&#8221;]Do you want to know more? Contact us and ask for a no-binding appointment for more details and a full quote.<br \/>\n[\/et_pb_cta][\/et_pb_column][\/et_pb_row][\/et_pb_section]<\/p>\n","protected":false},"excerpt":{"rendered":"<p>Why a website? A website plays a very important role in communicating and promoting a business, organization, institution&#8230; The aim of a website is to inform, retain, raise awareness, acquire a new customer base. For a wide variety of reasons, but identified, more than 85% of websites do not achieve their goals and will end [&hellip;]<\/p>\n","protected":false},"author":1,"featured_media":0,"parent":0,"menu_order":0,"comment_status":"closed","ping_status":"closed","template":"","meta":{"_et_pb_use_builder":"on","_et_pb_old_content":"","_et_gb_content_width":"","footnotes":""},"class_list":["post-5933","page","type-page","status-publish","hentry"],"yoast_head":"<!-- This site is optimized with the Yoast SEO plugin v27.2 - https:\/\/yoast.com\/product\/yoast-seo-wordpress\/ -->\n<title>Website creation | CaveTech S\u00e0rl D\u00e9pannage informatique \u00e0 Lausanne, cr\u00e9ation de site internet et photographie.<\/title>\n<meta name=\"description\" content=\"Creating a showcase website and e-commerce. Professional webmaster. To create your website in Geneva and Lausanne.\" \/>\n<meta name=\"robots\" content=\"index, follow, max-snippet:-1, max-image-preview:large, max-video-preview:-1\" \/>\n<link rel=\"canonical\" href=\"https:\/\/www.cavetech.ch\/en\/website-creation\/\" \/>\n<meta property=\"og:locale\" content=\"en_US\" \/>\n<meta property=\"og:type\" content=\"article\" \/>\n<meta property=\"og:title\" content=\"Website creation | CaveTech S\u00e0rl D\u00e9pannage informatique \u00e0 Lausanne, cr\u00e9ation de site internet et photographie.\" \/>\n<meta property=\"og:description\" content=\"Creating a showcase website and e-commerce. Professional webmaster. To create your website in Geneva and Lausanne.\" \/>\n<meta property=\"og:url\" content=\"https:\/\/www.cavetech.ch\/en\/website-creation\/\" \/>\n<meta property=\"og:site_name\" content=\"CaveTech S\u00e0rl\" \/>\n<meta property=\"article:publisher\" content=\"https:\/\/www.facebook.com\/cavetechsuisse\/\" \/>\n<meta property=\"article:modified_time\" content=\"2019-06-26T13:35:28+00:00\" \/>\n<meta property=\"og:image\" content=\"https:\/\/www.cavetech.ch\/wp-content\/uploads\/2020\/05\/AdobeStock_331412996_p.jpg\" \/>\n\t<meta property=\"og:image:width\" content=\"1800\" \/>\n\t<meta property=\"og:image:height\" content=\"1200\" \/>\n\t<meta property=\"og:image:type\" content=\"image\/jpeg\" \/>\n<meta name=\"twitter:card\" content=\"summary_large_image\" \/>\n<meta name=\"twitter:label1\" content=\"Est. reading time\" \/>\n\t<meta name=\"twitter:data1\" content=\"7 minutes\" \/>\n<script type=\"application\/ld+json\" class=\"yoast-schema-graph\">{\"@context\":\"https:\/\/schema.org\",\"@graph\":[{\"@type\":\"WebPage\",\"@id\":\"https:\/\/www.cavetech.ch\/en\/website-creation\/\",\"url\":\"https:\/\/www.cavetech.ch\/en\/website-creation\/\",\"name\":\"Website creation | CaveTech S\u00e0rl D\u00e9pannage informatique \u00e0 Lausanne, cr\u00e9ation de site internet et photographie.\",\"isPartOf\":{\"@id\":\"https:\/\/www.cavetech.ch\/en\/#website\"},\"datePublished\":\"2019-06-26T13:35:25+00:00\",\"dateModified\":\"2019-06-26T13:35:28+00:00\",\"description\":\"Creating a showcase website and e-commerce. Professional webmaster. To create your website in Geneva and Lausanne.\",\"breadcrumb\":{\"@id\":\"https:\/\/www.cavetech.ch\/en\/website-creation\/#breadcrumb\"},\"inLanguage\":\"en-US\",\"potentialAction\":[{\"@type\":\"ReadAction\",\"target\":[\"https:\/\/www.cavetech.ch\/en\/website-creation\/\"]}]},{\"@type\":\"BreadcrumbList\",\"@id\":\"https:\/\/www.cavetech.ch\/en\/website-creation\/#breadcrumb\",\"itemListElement\":[{\"@type\":\"ListItem\",\"position\":1,\"name\":\"Accueil\",\"item\":\"https:\/\/www.cavetech.ch\/en\/\"},{\"@type\":\"ListItem\",\"position\":2,\"name\":\"Website creation\"}]},{\"@type\":\"WebSite\",\"@id\":\"https:\/\/www.cavetech.ch\/en\/#website\",\"url\":\"https:\/\/www.cavetech.ch\/en\/\",\"name\":\"CaveTech - D\u00e9pannage informatique, cr\u00e9ation de site internet et photographie.\",\"description\":\"D\u00e9pannage informatique \u00e0 Lausanne, cr\u00e9ation de site internet et photographie.\",\"publisher\":{\"@id\":\"https:\/\/www.cavetech.ch\/en\/#organization\"},\"potentialAction\":[{\"@type\":\"SearchAction\",\"target\":{\"@type\":\"EntryPoint\",\"urlTemplate\":\"https:\/\/www.cavetech.ch\/en\/?s={search_term_string}\"},\"query-input\":{\"@type\":\"PropertyValueSpecification\",\"valueRequired\":true,\"valueName\":\"search_term_string\"}}],\"inLanguage\":\"en-US\"},{\"@type\":\"Organization\",\"@id\":\"https:\/\/www.cavetech.ch\/en\/#organization\",\"name\":\"CaveTech\",\"url\":\"https:\/\/www.cavetech.ch\/en\/\",\"logo\":{\"@type\":\"ImageObject\",\"inLanguage\":\"en-US\",\"@id\":\"https:\/\/www.cavetech.ch\/en\/#\/schema\/logo\/image\/\",\"url\":\"https:\/\/www.cavetech.ch\/wp-content\/uploads\/2016\/11\/LOGO-CAVE-TECH.png\",\"contentUrl\":\"https:\/\/www.cavetech.ch\/wp-content\/uploads\/2016\/11\/LOGO-CAVE-TECH.png\",\"width\":288,\"height\":70,\"caption\":\"CaveTech\"},\"image\":{\"@id\":\"https:\/\/www.cavetech.ch\/en\/#\/schema\/logo\/image\/\"},\"sameAs\":[\"https:\/\/www.facebook.com\/cavetechsuisse\/\",\"https:\/\/www.instagram.com\/cavetechsuisse\/\",\"https:\/\/www.linkedin.com\/company\/10975609\"]}]}<\/script>\n<!-- \/ Yoast SEO plugin. -->","yoast_head_json":{"title":"Website creation | CaveTech S\u00e0rl D\u00e9pannage informatique \u00e0 Lausanne, cr\u00e9ation de site internet et photographie.","description":"Creating a showcase website and e-commerce. Professional webmaster. To create your website in Geneva and Lausanne.","robots":{"index":"index","follow":"follow","max-snippet":"max-snippet:-1","max-image-preview":"max-image-preview:large","max-video-preview":"max-video-preview:-1"},"canonical":"https:\/\/www.cavetech.ch\/en\/website-creation\/","og_locale":"en_US","og_type":"article","og_title":"Website creation | CaveTech S\u00e0rl D\u00e9pannage informatique \u00e0 Lausanne, cr\u00e9ation de site internet et photographie.","og_description":"Creating a showcase website and e-commerce. Professional webmaster. To create your website in Geneva and Lausanne.","og_url":"https:\/\/www.cavetech.ch\/en\/website-creation\/","og_site_name":"CaveTech S\u00e0rl","article_publisher":"https:\/\/www.facebook.com\/cavetechsuisse\/","article_modified_time":"2019-06-26T13:35:28+00:00","og_image":[{"width":1800,"height":1200,"url":"https:\/\/www.cavetech.ch\/wp-content\/uploads\/2020\/05\/AdobeStock_331412996_p.jpg","type":"image\/jpeg"}],"twitter_card":"summary_large_image","twitter_misc":{"Est. reading time":"7 minutes"},"schema":{"@context":"https:\/\/schema.org","@graph":[{"@type":"WebPage","@id":"https:\/\/www.cavetech.ch\/en\/website-creation\/","url":"https:\/\/www.cavetech.ch\/en\/website-creation\/","name":"Website creation | CaveTech S\u00e0rl D\u00e9pannage informatique \u00e0 Lausanne, cr\u00e9ation de site internet et photographie.","isPartOf":{"@id":"https:\/\/www.cavetech.ch\/en\/#website"},"datePublished":"2019-06-26T13:35:25+00:00","dateModified":"2019-06-26T13:35:28+00:00","description":"Creating a showcase website and e-commerce. Professional webmaster. To create your website in Geneva and Lausanne.","breadcrumb":{"@id":"https:\/\/www.cavetech.ch\/en\/website-creation\/#breadcrumb"},"inLanguage":"en-US","potentialAction":[{"@type":"ReadAction","target":["https:\/\/www.cavetech.ch\/en\/website-creation\/"]}]},{"@type":"BreadcrumbList","@id":"https:\/\/www.cavetech.ch\/en\/website-creation\/#breadcrumb","itemListElement":[{"@type":"ListItem","position":1,"name":"Accueil","item":"https:\/\/www.cavetech.ch\/en\/"},{"@type":"ListItem","position":2,"name":"Website creation"}]},{"@type":"WebSite","@id":"https:\/\/www.cavetech.ch\/en\/#website","url":"https:\/\/www.cavetech.ch\/en\/","name":"CaveTech - D\u00e9pannage informatique, cr\u00e9ation de site internet et photographie.","description":"D\u00e9pannage informatique \u00e0 Lausanne, cr\u00e9ation de site internet et photographie.","publisher":{"@id":"https:\/\/www.cavetech.ch\/en\/#organization"},"potentialAction":[{"@type":"SearchAction","target":{"@type":"EntryPoint","urlTemplate":"https:\/\/www.cavetech.ch\/en\/?s={search_term_string}"},"query-input":{"@type":"PropertyValueSpecification","valueRequired":true,"valueName":"search_term_string"}}],"inLanguage":"en-US"},{"@type":"Organization","@id":"https:\/\/www.cavetech.ch\/en\/#organization","name":"CaveTech","url":"https:\/\/www.cavetech.ch\/en\/","logo":{"@type":"ImageObject","inLanguage":"en-US","@id":"https:\/\/www.cavetech.ch\/en\/#\/schema\/logo\/image\/","url":"https:\/\/www.cavetech.ch\/wp-content\/uploads\/2016\/11\/LOGO-CAVE-TECH.png","contentUrl":"https:\/\/www.cavetech.ch\/wp-content\/uploads\/2016\/11\/LOGO-CAVE-TECH.png","width":288,"height":70,"caption":"CaveTech"},"image":{"@id":"https:\/\/www.cavetech.ch\/en\/#\/schema\/logo\/image\/"},"sameAs":["https:\/\/www.facebook.com\/cavetechsuisse\/","https:\/\/www.instagram.com\/cavetechsuisse\/","https:\/\/www.linkedin.com\/company\/10975609"]}]}},"_links":{"self":[{"href":"https:\/\/www.cavetech.ch\/en\/wp-json\/wp\/v2\/pages\/5933","targetHints":{"allow":["GET"]}}],"collection":[{"href":"https:\/\/www.cavetech.ch\/en\/wp-json\/wp\/v2\/pages"}],"about":[{"href":"https:\/\/www.cavetech.ch\/en\/wp-json\/wp\/v2\/types\/page"}],"author":[{"embeddable":true,"href":"https:\/\/www.cavetech.ch\/en\/wp-json\/wp\/v2\/users\/1"}],"replies":[{"embeddable":true,"href":"https:\/\/www.cavetech.ch\/en\/wp-json\/wp\/v2\/comments?post=5933"}],"version-history":[{"count":1,"href":"https:\/\/www.cavetech.ch\/en\/wp-json\/wp\/v2\/pages\/5933\/revisions"}],"predecessor-version":[{"id":5934,"href":"https:\/\/www.cavetech.ch\/en\/wp-json\/wp\/v2\/pages\/5933\/revisions\/5934"}],"wp:attachment":[{"href":"https:\/\/www.cavetech.ch\/en\/wp-json\/wp\/v2\/media?parent=5933"}],"curies":[{"name":"wp","href":"https:\/\/api.w.org\/{rel}","templated":true}]}}